{"id":51,"date":"2023-11-15T13:51:44","date_gmt":"2023-11-15T12:51:44","guid":{"rendered":"https:\/\/jaeggi-co.association-st-camille.ch\/?post_type=product&#038;p=51"},"modified":"2023-11-16T14:09:08","modified_gmt":"2023-11-16T13:09:08","slug":"amano-pix-200","status":"publish","type":"product","link":"https:\/\/jaeggi-co.association-st-camille.ch\/fr\/produit\/amano-pix-200\/","title":{"rendered":"AMANO PIX-200"},"content":{"rendered":"<div id=\"short_description_content\" class=\"rte align_justify\">\n<ul>\n<li>Radiocommand\u00e9<\/li>\n<li>Affichage LCD de la date, de l&rsquo;heure et des minutes<\/li>\n<li>Grande fen\u00eatre \u00e9clair\u00e9e pour un positionnement s\u00fbr de l&rsquo;impression<\/li>\n<li>But\u00e9e r\u00e9glable pour le positionnement de l&rsquo;impression<\/li>\n<li>Impression align\u00e9e \u00e0 droite ou \u00e0 gauche<\/li>\n<li>D\u00e9clenchement automatique \/ ou manuel de l&rsquo;impression<\/li>\n<li>Heure d&rsquo;\u00e9t\u00e9 et d&rsquo;hiver pr\u00e9programm\u00e9e<\/li>\n<li>Montage sur table ou mural (fonctionnement)<\/li>\n<\/ul>\n<\/div>\n","protected":false},"excerpt":{"rendered":"<p><label>\u00c9tat:<\/label> <span class=\"editable\">Nouvel article<\/span><\/p>\n<div id=\"short_description_content\" class=\"rte align_justify\">\n<ul>\n<li><strong>Horloge et dateur \u00e9lectronique automatique et fiable<\/strong><\/li>\n<li><strong>Id\u00e9al pour les ateliers, les chantiers, etc.<\/strong><\/li>\n<li><strong>Bo\u00eetier en plastique robuste et verrouillable, construction compacte <\/strong><\/li>\n<li><strong>Utilisation et programmation tr\u00e8s simples<\/strong><\/li>\n<\/ul>\n<\/div>\n","protected":false},"featured_media":229,"comment_status":"open","ping_status":"closed","template":"","meta":{"_et_pb_use_builder":"","_et_pb_old_content":"","_et_gb_content_width":""},"product_cat":[39],"product_tag":[],"class_list":{"0":"post-51","1":"product","2":"type-product","3":"status-publish","4":"has-post-thumbnail","6":"product_cat-horloges-a-timbre","8":"first","9":"instock","10":"shipping-taxable","11":"purchasable","12":"product-type-simple"},"_links":{"self":[{"href":"https:\/\/jaeggi-co.association-st-camille.ch\/fr\/wp-json\/wp\/v2\/product\/51","targetHints":{"allow":["GET"]}}],"collection":[{"href":"https:\/\/jaeggi-co.association-st-camille.ch\/fr\/wp-json\/wp\/v2\/product"}],"about":[{"href":"https:\/\/jaeggi-co.association-st-camille.ch\/fr\/wp-json\/wp\/v2\/types\/product"}],"replies":[{"embeddable":true,"href":"https:\/\/jaeggi-co.association-st-camille.ch\/fr\/wp-json\/wp\/v2\/comments?post=51"}],"wp:featuredmedia":[{"embeddable":true,"href":"https:\/\/jaeggi-co.association-st-camille.ch\/fr\/wp-json\/wp\/v2\/media\/229"}],"wp:attachment":[{"href":"https:\/\/jaeggi-co.association-st-camille.ch\/fr\/wp-json\/wp\/v2\/media?parent=51"}],"wp:term":[{"taxonomy":"product_cat","embeddable":true,"href":"https:\/\/jaeggi-co.association-st-camille.ch\/fr\/wp-json\/wp\/v2\/product_cat?post=51"},{"taxonomy":"product_tag","embeddable":true,"href":"https:\/\/jaeggi-co.association-st-camille.ch\/fr\/wp-json\/wp\/v2\/product_tag?post=51"}],"curies":[{"name":"wp","href":"https:\/\/api.w.org\/{rel}","templated":true}]}}