{"id":171,"date":"2023-11-15T14:30:58","date_gmt":"2023-11-15T13:30:58","guid":{"rendered":"https:\/\/jaeggi-co.association-st-camille.ch\/produit\/seiko-z-120\/"},"modified":"2023-11-15T14:30:58","modified_gmt":"2023-11-15T13:30:58","slug":"seiko-z-120","status":"publish","type":"product","link":"https:\/\/jaeggi-co.association-st-camille.ch\/fr\/produit\/seiko-z-120\/","title":{"rendered":"SEIKO Z-120"},"content":{"rendered":"<section class=\"page-product-box\">\n<div class=\"rte\">\n<p><strong>Caract\u00e9ristiques :<\/strong><\/p>\n<ul>\n<li>Enregistrement du temps de travail en 6 colonnes et 31 lignes sur une carte de pointage \u00ab\u00a0type M\u00a0\u00bb \u00e0 une face.<\/li>\n<li>Jusqu&rsquo;\u00e0 3 enregistrements d&rsquo;arriv\u00e9e\/de d\u00e9part par jour en heures et en minutes.<\/li>\n<li>Enregistrement du temps sans fonction de calcul avec une simple carte de pointage de type \u00ab\u00a0SEIKO M\u00a0\u00bb.<\/li>\n<li>\u00c9cran \u00e9clair\u00e9 avec affichage de l&rsquo;heure, de la date, du jour de la semaine et de la colonne d&rsquo;impression.<\/li>\n<li>Chargeur automatique de cartes.<\/li>\n<li>Changement d&rsquo;heure \u00e9t\u00e9\/hiver enti\u00e8rement automatique programmable.<\/li>\n<li>Pr\u00eat \u00e0 fonctionner d\u00e8s le raccordement au r\u00e9seau, maintien des donn\u00e9es m\u00eame en cas de panne de r\u00e9seau<\/li>\n<\/ul>\n<p><strong>Fonctions et programmation:<\/strong><\/p>\n<p>Les fonctions suivantes peuvent \u00eatre r\u00e9gl\u00e9es:<\/p>\n<ul>\n<li>Enregistrement du temps en heures et en minutes ou 1\/100 d&rsquo;heure<\/li>\n<li>Signalisation des violations du temps central.<\/li>\n<li>Mise \u00e0 jour de la date \u00e0 n&rsquo;importe quelle heure (r\u00e9gl\u00e9e en usine sur 05:00).<\/li>\n<li>Commutation automatique heure d&rsquo;\u00e9t\u00e9\/heure d&rsquo;hiver (CEST\/CME).<\/li>\n<li>Horaires de travail avec r\u00e9p\u00e9tition quotidienne simultan\u00e9e comme programme normal et, \u00e0 titre d\u00e9rogatoire, pour 1 jour de la semaine comme programme sp\u00e9cial.<\/li>\n<li>En combinaison avec la carte de pointage de type SEIKO \u00ab\u00a0M\u00a0\u00bb, enregistrement des heures d&rsquo;arriv\u00e9e\/de d\u00e9part sur 6 colonnes sans fonction de calcul.<\/li>\n<li>P\u00e9riodes de paie, au choix<br \/>\n&#8211; mensuelle (r\u00e9glage d&rsquo;usine)<br \/>\n&#8211; hebdomadaire<br \/>\n&#8211; 2 fois par semaine.<\/li>\n<li>Affichage de l&rsquo;heure en syst\u00e8me 12 ou 24 heures au choix.<\/li>\n<li>\u00c9cran et panneau de commande \u00e9clair\u00e9s.<\/li>\n<li>La colonne d&rsquo;impression peut \u00eatre s\u00e9lectionn\u00e9e automatiquement par le biais d&rsquo;un programme horaire ou directement manuellement \u00e0 l&rsquo;aide des touches. Pour pointer apr\u00e8s une \u00e9quipe de nuit, le bouton \u00ab\u00a0\u00c9craser\u00a0\u00bb est disponible. Cela permet d&rsquo;apposer un tampon sur la ligne pr\u00e9c\u00e9dente.<\/li>\n<li>Affichage \u00e0 l&rsquo;\u00e9cran :<br \/>\n&#8211; Jour de la semaine lun-dim<br \/>\n&#8211; Jour du mois 1-31<br \/>\n&#8211; Heure et marqueur d&rsquo;heure d&rsquo;\u00e9t\u00e9 ou d&rsquo;hiver<\/li>\n<li> Le Z120 est \u00e9quip\u00e9 d&rsquo;un contact libre de potentiel et peut \u00eatre utilis\u00e9 pour commander un relais de signalisation ou un g\u00e9n\u00e9rateur de signaux.<\/li>\n<li>L&rsquo;appareil dispose d&rsquo;une fonction d&rsquo;autodiagnostic et signale les dysfonctionnements \u00e9lectroniques ou m\u00e9caniques par un num\u00e9ro d&rsquo;erreur sur l&rsquo;\u00e9cran.<\/li>\n<\/ul>\n<\/div>\n<\/section>\n","protected":false},"excerpt":{"rendered":"<p id=\"product_reference\"><label>Artikel-Nr.:<\/label> <span class=\"editable\">S_Z120<\/span><\/p>\n<p id=\"product_condition\"><label>\u00c9tat:<\/label> <span class=\"editable\">Nouvel article<\/span><\/p>\n<div id=\"short_description_block\">\n<div id=\"short_description_content\" class=\"rte align_justify\">\n<p>&nbsp;<\/p>\n<ul>\n<li><strong>Timbreuse \/ enregistreur de temps Z120<\/strong><\/li>\n<li><strong>Saisie des pr\u00e9sences ou du temps de travail sur une carte de pointage mensuelle d&rsquo;un nouveau genre avec 6 colonnes \/ 31 lignes dans l&rsquo;entreprise non calculante pour simplifier l&rsquo;utilisation et le d\u00e9compte de salaire suivant<\/strong><\/li>\n<\/ul>\n<\/div>\n<\/div>\n","protected":false},"featured_media":84,"comment_status":"open","ping_status":"closed","template":"","meta":{"_et_pb_use_builder":"","_et_pb_old_content":"","_et_gb_content_width":""},"product_cat":[39,40],"product_tag":[],"class_list":{"0":"post-171","1":"product","2":"type-product","3":"status-publish","4":"has-post-thumbnail","6":"product_cat-horloges-a-timbre","7":"product_cat-non-comptable","9":"first","10":"instock","11":"shipping-taxable","12":"purchasable","13":"product-type-simple"},"_links":{"self":[{"href":"https:\/\/jaeggi-co.association-st-camille.ch\/fr\/wp-json\/wp\/v2\/product\/171","targetHints":{"allow":["GET"]}}],"collection":[{"href":"https:\/\/jaeggi-co.association-st-camille.ch\/fr\/wp-json\/wp\/v2\/product"}],"about":[{"href":"https:\/\/jaeggi-co.association-st-camille.ch\/fr\/wp-json\/wp\/v2\/types\/product"}],"replies":[{"embeddable":true,"href":"https:\/\/jaeggi-co.association-st-camille.ch\/fr\/wp-json\/wp\/v2\/comments?post=171"}],"wp:featuredmedia":[{"embeddable":true,"href":"https:\/\/jaeggi-co.association-st-camille.ch\/fr\/wp-json\/wp\/v2\/media\/84"}],"wp:attachment":[{"href":"https:\/\/jaeggi-co.association-st-camille.ch\/fr\/wp-json\/wp\/v2\/media?parent=171"}],"wp:term":[{"taxonomy":"product_cat","embeddable":true,"href":"https:\/\/jaeggi-co.association-st-camille.ch\/fr\/wp-json\/wp\/v2\/product_cat?post=171"},{"taxonomy":"product_tag","embeddable":true,"href":"https:\/\/jaeggi-co.association-st-camille.ch\/fr\/wp-json\/wp\/v2\/product_tag?post=171"}],"curies":[{"name":"wp","href":"https:\/\/api.w.org\/{rel}","templated":true}]}}