{"id":170,"date":"2023-11-15T14:35:50","date_gmt":"2023-11-15T13:35:50","guid":{"rendered":"https:\/\/jaeggi-co.association-st-camille.ch\/produit\/seiko-tp-50\/"},"modified":"2023-11-15T14:35:50","modified_gmt":"2023-11-15T13:35:50","slug":"seiko-tp-50","status":"publish","type":"product","link":"https:\/\/jaeggi-co.association-st-camille.ch\/fr\/produit\/seiko-tp-50\/","title":{"rendered":"SEIKO TP-50"},"content":{"rendered":"<ul>\n<li>Utilisation confortable<\/li>\n<li>Programmation conviviale \u00e0 l&rsquo;aide d&rsquo;une touche avec guidage par menu<\/li>\n<li>Code-Nr. pour la sauvegarde du programme<\/li>\n<li>Conservation totale des donn\u00e9es en cas de panne de courant<\/li>\n<li>Grande fen\u00eatre de visualisation \u00e9clair\u00e9e avec marquage, ce qui facilite le positionnement de l&rsquo;impression<\/li>\n<li>Positionnement de l&rsquo;impression Formulaire align\u00e9 \u00e0 gauche ou \u00e0 droite<\/li>\n<li>Positionnement de l&rsquo;impression Impression : \u00e0 gauche, \u00e0 droite ou au centre<\/li>\n<li>Curseur sur la face inf\u00e9rieure de l&rsquo;appareil pour le r\u00e9glage de la marge du formulaire<\/li>\n<li>Rail de but\u00e9e r\u00e9glable sur le c\u00f4t\u00e9 de l&rsquo;appareil<\/li>\n<li>29 motifs d&rsquo;impression diff\u00e9rents programmables<\/li>\n<li>montage mural ou sur table<\/li>\n<li>Dimensions : L x H x P : 156 x 181 x 179mm<\/li>\n<li>poids : 1.9kg<\/li>\n<li>Tension d&rsquo;alimentation : 220\/240 VAC 50\/60 Hz 0,4 A<\/li>\n<\/ul>\n","protected":false},"excerpt":{"rendered":"<p id=\"product_condition\"><label>\u00c9tat:<\/label> <span class=\"editable\">Nouvel article<\/span><\/p>\n<div id=\"short_description_block\">\n<div id=\"short_description_content\" class=\"rte align_justify\">\n<ul>\n<li><strong>Horodateur pour la saisie des temps de pr\u00e9sence et de commande (horodateur d&rsquo;atelier)<\/strong><\/li>\n<li><strong>8 langues au choix<\/strong><\/li>\n<li><strong>D\u00e9clenchement de l&rsquo;impression manuel ou automatique<\/strong><\/li>\n<li><strong>Pr\u00eat \u00e0 l&#8217;emploi d\u00e8s le raccordement au r\u00e9seau<\/strong><\/li>\n<li><strong>Grand \u00e9cran LCD pour l&rsquo;heure, la date et le jour de la semaine<\/strong><\/li>\n<li><b>Heure d&rsquo;\u00e9t\u00e9 et d&rsquo;hiver pr\u00e9r\u00e9gl\u00e9e<\/b><\/li>\n<\/ul>\n<\/div>\n<\/div>\n","protected":false},"featured_media":87,"comment_status":"open","ping_status":"closed","template":"","meta":{"_et_pb_use_builder":"","_et_pb_old_content":"","_et_gb_content_width":""},"product_cat":[39,40],"product_tag":[],"class_list":{"0":"post-170","1":"product","2":"type-product","3":"status-publish","4":"has-post-thumbnail","6":"product_cat-horloges-a-timbre","7":"product_cat-non-comptable","9":"first","10":"instock","11":"shipping-taxable","12":"purchasable","13":"product-type-simple"},"_links":{"self":[{"href":"https:\/\/jaeggi-co.association-st-camille.ch\/fr\/wp-json\/wp\/v2\/product\/170","targetHints":{"allow":["GET"]}}],"collection":[{"href":"https:\/\/jaeggi-co.association-st-camille.ch\/fr\/wp-json\/wp\/v2\/product"}],"about":[{"href":"https:\/\/jaeggi-co.association-st-camille.ch\/fr\/wp-json\/wp\/v2\/types\/product"}],"replies":[{"embeddable":true,"href":"https:\/\/jaeggi-co.association-st-camille.ch\/fr\/wp-json\/wp\/v2\/comments?post=170"}],"wp:featuredmedia":[{"embeddable":true,"href":"https:\/\/jaeggi-co.association-st-camille.ch\/fr\/wp-json\/wp\/v2\/media\/87"}],"wp:attachment":[{"href":"https:\/\/jaeggi-co.association-st-camille.ch\/fr\/wp-json\/wp\/v2\/media?parent=170"}],"wp:term":[{"taxonomy":"product_cat","embeddable":true,"href":"https:\/\/jaeggi-co.association-st-camille.ch\/fr\/wp-json\/wp\/v2\/product_cat?post=170"},{"taxonomy":"product_tag","embeddable":true,"href":"https:\/\/jaeggi-co.association-st-camille.ch\/fr\/wp-json\/wp\/v2\/product_tag?post=170"}],"curies":[{"name":"wp","href":"https:\/\/api.w.org\/{rel}","templated":true}]}}