{"id":169,"date":"2023-11-15T14:42:03","date_gmt":"2023-11-15T13:42:03","guid":{"rendered":"https:\/\/jaeggi-co.association-st-camille.ch\/produit\/boss-bp-125-portabel\/"},"modified":"2023-11-15T14:42:03","modified_gmt":"2023-11-15T13:42:03","slug":"boss-bp-125-portabel","status":"publish","type":"product","link":"https:\/\/jaeggi-co.association-st-camille.ch\/fr\/produit\/boss-bp-125-portabel\/","title":{"rendered":"BOSS BP 125 Portabel"},"content":{"rendered":"<section class=\"page-product-box\">\n<div class=\"rte\">\n<ul>\n<li>Horloge de pointage portable<\/li>\n<li>Horodatage<\/li>\n<li>Fonctionnement sur piles (4x standard \u00ab\u00a0D\u00a0\u00bb)<\/li>\n<li>Tampon encreur portable<\/li>\n<li>Timbrage minutes normales<\/li>\n<li>Particuli\u00e8rement adapt\u00e9 aux chantiers, aux gravi\u00e8res, aux ateliers ou aux sites sans raccordement \u00e9lectrique<\/li>\n<\/ul>\n<\/div>\n<\/section>\n","protected":false},"excerpt":{"rendered":"<p id=\"product_condition\"><label>\u00c9tat:<\/label> <span class=\"editable\">Nouvel article<\/span><\/p>\n<div id=\"short_description_block\">\n<div id=\"short_description_content\" class=\"rte align_justify\">\n<ul>\n<li><strong>Horloge de pointage portable<\/strong><\/li>\n<li><strong>Horodatage<\/strong><\/li>\n<li><strong>Fonctionnement sur piles (4x standard \u00ab\u00a0D\u00a0\u00bb)<\/strong><\/li>\n<li><strong>Id\u00e9al pour les ateliers et les chantiers<\/strong><\/li>\n<\/ul>\n<\/div>\n<\/div>\n","protected":false},"featured_media":239,"comment_status":"open","ping_status":"closed","template":"","meta":{"_et_pb_use_builder":"","_et_pb_old_content":"","_et_gb_content_width":""},"product_cat":[39,40],"product_tag":[],"class_list":{"0":"post-169","1":"product","2":"type-product","3":"status-publish","4":"has-post-thumbnail","6":"product_cat-horloges-a-timbre","7":"product_cat-non-comptable","9":"first","10":"instock","11":"shipping-taxable","12":"purchasable","13":"product-type-simple"},"_links":{"self":[{"href":"https:\/\/jaeggi-co.association-st-camille.ch\/fr\/wp-json\/wp\/v2\/product\/169","targetHints":{"allow":["GET"]}}],"collection":[{"href":"https:\/\/jaeggi-co.association-st-camille.ch\/fr\/wp-json\/wp\/v2\/product"}],"about":[{"href":"https:\/\/jaeggi-co.association-st-camille.ch\/fr\/wp-json\/wp\/v2\/types\/product"}],"replies":[{"embeddable":true,"href":"https:\/\/jaeggi-co.association-st-camille.ch\/fr\/wp-json\/wp\/v2\/comments?post=169"}],"wp:featuredmedia":[{"embeddable":true,"href":"https:\/\/jaeggi-co.association-st-camille.ch\/fr\/wp-json\/wp\/v2\/media\/239"}],"wp:attachment":[{"href":"https:\/\/jaeggi-co.association-st-camille.ch\/fr\/wp-json\/wp\/v2\/media?parent=169"}],"wp:term":[{"taxonomy":"product_cat","embeddable":true,"href":"https:\/\/jaeggi-co.association-st-camille.ch\/fr\/wp-json\/wp\/v2\/product_cat?post=169"},{"taxonomy":"product_tag","embeddable":true,"href":"https:\/\/jaeggi-co.association-st-camille.ch\/fr\/wp-json\/wp\/v2\/product_tag?post=169"}],"curies":[{"name":"wp","href":"https:\/\/api.w.org\/{rel}","templated":true}]}}