{"id":168,"date":"2023-11-15T14:45:15","date_gmt":"2023-11-15T13:45:15","guid":{"rendered":"https:\/\/jaeggi-co.association-st-camille.ch\/produit\/amano-ex-3500n\/"},"modified":"2023-11-15T14:45:15","modified_gmt":"2023-11-15T13:45:15","slug":"amano-ex-3500n","status":"publish","type":"product","link":"https:\/\/jaeggi-co.association-st-camille.ch\/fr\/produit\/amano-ex-3500n\/","title":{"rendered":"AMANO EX-3500N"},"content":{"rendered":"<ul>\n<li>commutation silencieuse des minutes<\/li>\n<li>Base de temps en quartz avec une grande pr\u00e9cision<\/li>\n<li>chargement automatique des cartes<\/li>\n<li>6 boutons \u00e9clair\u00e9s pour le r\u00e9glage des colonnes<\/li>\n<li>reconnaissance automatique des pages<\/li>\n<li>S\u00e9curit\u00e9 des donn\u00e9es en cas de panne de courant<\/li>\n<li>Sortie de signal<\/li>\n<li>r\u00e9glage des colonnes en fonction du temps<\/li>\n<li>Impression en deux couleursDimensions : L x H x P : 195 x 217 x 138 mm ;<br \/>\npoids : 2,5 kg<\/li>\n<\/ul>\n","protected":false},"excerpt":{"rendered":"<p id=\"product_condition\"><label>\u00c9tat:<\/label> <span class=\"editable\">Nouvel article<\/span><\/p>\n<div id=\"short_description_block\">\n<div id=\"short_description_content\" class=\"rte align_justify\">\n<ul>\n<li><strong>Horloge de pointage enti\u00e8rement \u00e9lectronique, bo\u00eetier en plastique robuste et verrouillable<strong><\/strong><\/strong><\/li>\n<li><strong>Id\u00e9al aussi pour les ateliers<\/strong><\/li>\n<li><strong>Manipulation et programmation tr\u00e8s simples, grand affichage analogique bien lisible<\/strong><\/li>\n<li><strong>Construction compacte<\/strong><\/li>\n<\/ul>\n<\/div>\n<\/div>\n","protected":false},"featured_media":223,"comment_status":"open","ping_status":"closed","template":"","meta":{"_et_pb_use_builder":"on","_et_pb_old_content":"<ul>\n \t<li>commutation silencieuse des minutes<\/li>\n \t<li>Base de temps en quartz avec une grande pr\u00e9cision<\/li>\n \t<li>chargement automatique des cartes<\/li>\n \t<li>6 boutons \u00e9clair\u00e9s pour le r\u00e9glage des colonnes<\/li>\n \t<li>reconnaissance automatique des pages<\/li>\n \t<li>S\u00e9curit\u00e9 des donn\u00e9es en cas de panne de courant<\/li>\n \t<li>Sortie de signal<\/li>\n \t<li>r\u00e9glage des colonnes en fonction du temps<\/li>\n \t<li>Impression en deux couleursDimensions : L x H x P : 195 x 217 x 138 mm ;\npoids : 2,5 kg<\/li>\n<\/ul>","_et_gb_content_width":""},"product_cat":[39,40],"product_tag":[],"class_list":{"0":"post-168","1":"product","2":"type-product","3":"status-publish","4":"has-post-thumbnail","6":"product_cat-horloges-a-timbre","7":"product_cat-non-comptable","9":"first","10":"instock","11":"shipping-taxable","12":"purchasable","13":"product-type-simple"},"_links":{"self":[{"href":"https:\/\/jaeggi-co.association-st-camille.ch\/fr\/wp-json\/wp\/v2\/product\/168","targetHints":{"allow":["GET"]}}],"collection":[{"href":"https:\/\/jaeggi-co.association-st-camille.ch\/fr\/wp-json\/wp\/v2\/product"}],"about":[{"href":"https:\/\/jaeggi-co.association-st-camille.ch\/fr\/wp-json\/wp\/v2\/types\/product"}],"replies":[{"embeddable":true,"href":"https:\/\/jaeggi-co.association-st-camille.ch\/fr\/wp-json\/wp\/v2\/comments?post=168"}],"wp:featuredmedia":[{"embeddable":true,"href":"https:\/\/jaeggi-co.association-st-camille.ch\/fr\/wp-json\/wp\/v2\/media\/223"}],"wp:attachment":[{"href":"https:\/\/jaeggi-co.association-st-camille.ch\/fr\/wp-json\/wp\/v2\/media?parent=168"}],"wp:term":[{"taxonomy":"product_cat","embeddable":true,"href":"https:\/\/jaeggi-co.association-st-camille.ch\/fr\/wp-json\/wp\/v2\/product_cat?post=168"},{"taxonomy":"product_tag","embeddable":true,"href":"https:\/\/jaeggi-co.association-st-camille.ch\/fr\/wp-json\/wp\/v2\/product_tag?post=168"}],"curies":[{"name":"wp","href":"https:\/\/api.w.org\/{rel}","templated":true}]}}