{"id":167,"date":"2023-11-15T14:50:46","date_gmt":"2023-11-15T13:50:46","guid":{"rendered":"https:\/\/jaeggi-co.association-st-camille.ch\/produit\/amano-bx-1600\/"},"modified":"2023-11-15T14:50:46","modified_gmt":"2023-11-15T13:50:46","slug":"amano-bx-1600","status":"publish","type":"product","link":"https:\/\/jaeggi-co.association-st-camille.ch\/fr\/produit\/amano-bx-1600\/","title":{"rendered":"AMANO BX-1600"},"content":{"rendered":"<ul>\n<li>Grand affichage num\u00e9rique facile \u00e0 lire<\/li>\n<li>Minuterie silencieuse<\/li>\n<li>Base de temps \u00e0 quartz d&rsquo;une tr\u00e8s grande pr\u00e9cision<\/li>\n<li>Chargeur automatique de cartes<\/li>\n<li>6 boutons \u00e9clair\u00e9s pour le r\u00e9glage des colonnes<\/li>\n<li>S\u00e9curit\u00e9 des donn\u00e9es en cas de panne de courant<\/li>\n<\/ul>\n<p>Dimensions : L x H x P : 190 x 224 x 104mm<\/p>\n<p>Poids : 2.3kg<\/p>\n","protected":false},"excerpt":{"rendered":"<p id=\"product_condition\"><label>\u00c9tat:<\/label> <span class=\"editable\">Nouvel article<\/span><\/p>\n<div id=\"short_description_block\">\n<div id=\"short_description_content\" class=\"rte align_justify\">\n<ul>\n<li><strong>Horloge de pointage enti\u00e8rement \u00e9lectronique<\/strong><\/li>\n<li><strong>Id\u00e9al pour les petites et moyennes entreprises<\/strong><\/li>\n<li><strong>Bo\u00eetier plastique robuste, construction compacte<\/strong><\/li>\n<li><strong>Utilisation et programmation tr\u00e8s simples<\/strong><\/li>\n<li><strong>Signalisation de la violation du temps central<\/strong><\/li>\n<\/ul>\n<\/div>\n<\/div>\n","protected":false},"featured_media":96,"comment_status":"open","ping_status":"closed","template":"","meta":{"_et_pb_use_builder":"","_et_pb_old_content":"","_et_gb_content_width":""},"product_cat":[39,40],"product_tag":[],"class_list":{"0":"post-167","1":"product","2":"type-product","3":"status-publish","4":"has-post-thumbnail","6":"product_cat-horloges-a-timbre","7":"product_cat-non-comptable","9":"first","10":"instock","11":"shipping-taxable","12":"purchasable","13":"product-type-simple"},"_links":{"self":[{"href":"https:\/\/jaeggi-co.association-st-camille.ch\/fr\/wp-json\/wp\/v2\/product\/167","targetHints":{"allow":["GET"]}}],"collection":[{"href":"https:\/\/jaeggi-co.association-st-camille.ch\/fr\/wp-json\/wp\/v2\/product"}],"about":[{"href":"https:\/\/jaeggi-co.association-st-camille.ch\/fr\/wp-json\/wp\/v2\/types\/product"}],"replies":[{"embeddable":true,"href":"https:\/\/jaeggi-co.association-st-camille.ch\/fr\/wp-json\/wp\/v2\/comments?post=167"}],"wp:featuredmedia":[{"embeddable":true,"href":"https:\/\/jaeggi-co.association-st-camille.ch\/fr\/wp-json\/wp\/v2\/media\/96"}],"wp:attachment":[{"href":"https:\/\/jaeggi-co.association-st-camille.ch\/fr\/wp-json\/wp\/v2\/media?parent=167"}],"wp:term":[{"taxonomy":"product_cat","embeddable":true,"href":"https:\/\/jaeggi-co.association-st-camille.ch\/fr\/wp-json\/wp\/v2\/product_cat?post=167"},{"taxonomy":"product_tag","embeddable":true,"href":"https:\/\/jaeggi-co.association-st-camille.ch\/fr\/wp-json\/wp\/v2\/product_tag?post=167"}],"curies":[{"name":"wp","href":"https:\/\/api.w.org\/{rel}","templated":true}]}}