{"id":166,"date":"2023-11-15T15:51:55","date_gmt":"2023-11-15T14:51:55","guid":{"rendered":"https:\/\/jaeggi-co.association-st-camille.ch\/produit\/seiko-qr-475\/"},"modified":"2023-11-15T15:51:55","modified_gmt":"2023-11-15T14:51:55","slug":"seiko-qr-475","status":"publish","type":"product","link":"https:\/\/jaeggi-co.association-st-camille.ch\/fr\/produit\/seiko-qr-475\/","title":{"rendered":"SEIKO QR-475"},"content":{"rendered":"<p class=\"tdproductdescriptiondetails\"><strong>Id\u00e9al pour les petites entreprises<\/strong><\/p>\n<ul>\n<li>2 pointages ON\/OFF par jour<\/li>\n<li>pour jusqu&rsquo;\u00e0 100 collaborateurs.<\/li>\n<li>Somme journali\u00e8re et somme partielle ou p\u00e9riodique<\/li>\n<li>ou somme partielle ou p\u00e9riodique<\/li>\n<li>et le montant des heures suppl\u00e9mentaires.pour des horaires fixes ou variables. Un compte d&rsquo;heures suppl\u00e9mentaires. Encaissement automatique des cartes. Un maximum de quatre \u00e9critures par jour et par employ\u00e9. Passage automatique \u00e0 l&rsquo;heure d&rsquo;\u00e9t\u00e9\/d&rsquo;hiver. Contr\u00f4l\u00e9 par quartz, calendrier automatique, trois mod\u00e8les d&rsquo;horaires journaliers diff\u00e9rents programmables par semaine. Trois p\u00e9riodes de d\u00e9compte au choix : hebdomadaire, bihebdomadaire ou mensuelle. D\u00e9but et fin du travail et trois pauses programmables par programme horaire. Impression en heures\/minute ou en 1\/100e d&rsquo;heure. Carte de pointage avec code-barres. Cassette \u00e0 ruban bicolore.<\/li>\n<li>Programmation de pauses multiples,<\/li>\n<li>Temps de travail et identification du temps de travail de base,<\/li>\n<li>D\u00e9finition de diff\u00e9rentes<\/li>\n<li>Horaires de travail de jour,<\/li>\n<li>des arrondis multiples,<\/li>\n<li>Fixation d&rsquo;un nombre maximal d&rsquo;heures,<\/li>\n<li>Sortie de signal avec jusqu&rsquo;\u00e0 48 commandes,<\/li>\n<li>Ruban bicolore,<\/li>\n<li>Impression du journal des heures\/cartes,<\/li>\n<li>les cartes actives de la p\u00e9riode en cours ainsi que de la p\u00e9riode pr\u00e9c\u00e9dente,<\/li>\n<li>Impression du programme<\/li>\n<li>et bien d&rsquo;autres choses encore.<\/li>\n<\/ul>\n","protected":false},"excerpt":{"rendered":"<p id=\"product_condition\"><label>\u00c9tat:<\/label> <span class=\"editable\">Nouvel article<\/span><\/p>\n<div id=\"short_description_block\">\n<div id=\"short_description_content\" class=\"rte align_justify\">\n<ul>\n<li><strong>Horloge de pointage \u00e0 calcul hors ligne, riche en fonctionnalit\u00e9s, avec 2 pointages ON\/OFF par jour<\/strong><\/li>\n<li><strong>Pour jusqu&rsquo;\u00e0 100 employ\u00e9s<\/strong><\/li>\n<li><strong>Somme journali\u00e8re et somme partielle ou p\u00e9riodique ou somme partielle ou p\u00e9riodique et somme des heures suppl\u00e9mentaires<\/strong><\/li>\n<\/ul>\n<\/div>\n<\/div>\n","protected":false},"featured_media":247,"comment_status":"open","ping_status":"closed","template":"","meta":{"_et_pb_use_builder":"","_et_pb_old_content":"","_et_gb_content_width":""},"product_cat":[46,39],"product_tag":[],"class_list":{"0":"post-166","1":"product","2":"type-product","3":"status-publish","4":"has-post-thumbnail","6":"product_cat-en-calculant","7":"product_cat-horloges-a-timbre","9":"first","10":"instock","11":"shipping-taxable","12":"purchasable","13":"product-type-simple"},"_links":{"self":[{"href":"https:\/\/jaeggi-co.association-st-camille.ch\/fr\/wp-json\/wp\/v2\/product\/166","targetHints":{"allow":["GET"]}}],"collection":[{"href":"https:\/\/jaeggi-co.association-st-camille.ch\/fr\/wp-json\/wp\/v2\/product"}],"about":[{"href":"https:\/\/jaeggi-co.association-st-camille.ch\/fr\/wp-json\/wp\/v2\/types\/product"}],"replies":[{"embeddable":true,"href":"https:\/\/jaeggi-co.association-st-camille.ch\/fr\/wp-json\/wp\/v2\/comments?post=166"}],"wp:featuredmedia":[{"embeddable":true,"href":"https:\/\/jaeggi-co.association-st-camille.ch\/fr\/wp-json\/wp\/v2\/media\/247"}],"wp:attachment":[{"href":"https:\/\/jaeggi-co.association-st-camille.ch\/fr\/wp-json\/wp\/v2\/media?parent=166"}],"wp:term":[{"taxonomy":"product_cat","embeddable":true,"href":"https:\/\/jaeggi-co.association-st-camille.ch\/fr\/wp-json\/wp\/v2\/product_cat?post=166"},{"taxonomy":"product_tag","embeddable":true,"href":"https:\/\/jaeggi-co.association-st-camille.ch\/fr\/wp-json\/wp\/v2\/product_tag?post=166"}],"curies":[{"name":"wp","href":"https:\/\/api.w.org\/{rel}","templated":true}]}}