{"id":165,"date":"2023-11-15T15:56:40","date_gmt":"2023-11-15T14:56:40","guid":{"rendered":"https:\/\/jaeggi-co.association-st-camille.ch\/produit\/seiko-qr-395\/"},"modified":"2023-11-15T15:56:40","modified_gmt":"2023-11-15T14:56:40","slug":"seiko-qr-395","status":"publish","type":"product","link":"https:\/\/jaeggi-co.association-st-camille.ch\/fr\/produit\/seiko-qr-395\/","title":{"rendered":"SEIKO QR-395"},"content":{"rendered":"<ul>\n<li>Contr\u00f4l\u00e9 par quartz, avec calendrier automatique et changement d&rsquo;heure \u00e9t\u00e9\/hiver<\/li>\n<li>P\u00e9riodes de facturation : hebdomadaire, bimensuelle, mensuelle. 2 programmes journaliers et un programme hebdomadaire programmables<\/li>\n<li>D\u00e9but et fin du travail et 4 pauses fixes par programme horaire sont programmables<\/li>\n<li>Les marquages en cas d&rsquo;infraction au temps de travail sont r\u00e9glables<\/li>\n<li>Un temps de travail maximal par jour peut \u00eatre programm\u00e9<\/li>\n<li>Changement de jour variable (la 1\u00e8re r\u00e9servation du jour est d\u00e9terminante)<\/li>\n<li>Imprime l&rsquo;heure en heures et en minutes<\/li>\n<li>Les r\u00e9sultats peuvent \u00eatre arrondis<\/li>\n<li>Impression des r\u00e9sultats en heures\/minute ou 1\/100h<\/li>\n<li>Imprimante matricielle avec cartouche \u00e0 ruban monochrome. Carte de pointage avec code-barres<\/li>\n<li>Raccordement au secteur : 230V\/50 Hz, sauvegarde des donn\u00e9es en cas de panne de secteur. alimentation de secours ( option ) pour env. 24 heures ou env. 100 pointages<\/li>\n<li>Bo\u00eetier en plastique gris clair r\u00e9sistant aux chocs<\/li>\n<li>Dimensions : H 205 mm, L 160 mm, P 128 mm<\/li>\n<li>poids : 1,5 kg<\/li>\n<li>Montage mural ou sur table.<\/li>\n<\/ul>\n","protected":false},"excerpt":{"rendered":"<p id=\"product_condition\"><label>\u00c9tat:<\/label> <span class=\"editable\">Nouvel article<\/span><\/p>\n<div id=\"short_description_block\">\n<div id=\"short_description_content\" class=\"rte align_justify\">\n<ul>\n<li><strong>Timbreuse \u00e0 calculer<\/strong><\/li>\n<li><strong>est pr\u00eat \u00e0 fonctionner d\u00e8s le raccordement au r\u00e9seau<\/strong><\/li>\n<li><strong>Capacit\u00e9 : 100 cartes\/personnes<\/strong><\/li>\n<li><strong>Chargeur automatique de cartes de pointage<\/strong><\/li>\n<li><strong>Plusieurs r\u00e9servations possibles par jour et par personne<\/strong><\/li>\n<li><strong>En cas de plus de 2 r\u00e9servations par jour, plusieurs cartes de pointage peuvent \u00eatre n\u00e9cessaires par personne et par p\u00e9riode de paie.<\/strong><\/li>\n<\/ul>\n<\/div>\n<\/div>\n","protected":false},"featured_media":241,"comment_status":"open","ping_status":"closed","template":"","meta":{"_et_pb_use_builder":"","_et_pb_old_content":"","_et_gb_content_width":""},"product_cat":[46,39],"product_tag":[],"class_list":{"0":"post-165","1":"product","2":"type-product","3":"status-publish","4":"has-post-thumbnail","6":"product_cat-en-calculant","7":"product_cat-horloges-a-timbre","9":"first","10":"instock","11":"shipping-taxable","12":"purchasable","13":"product-type-simple"},"_links":{"self":[{"href":"https:\/\/jaeggi-co.association-st-camille.ch\/fr\/wp-json\/wp\/v2\/product\/165","targetHints":{"allow":["GET"]}}],"collection":[{"href":"https:\/\/jaeggi-co.association-st-camille.ch\/fr\/wp-json\/wp\/v2\/product"}],"about":[{"href":"https:\/\/jaeggi-co.association-st-camille.ch\/fr\/wp-json\/wp\/v2\/types\/product"}],"replies":[{"embeddable":true,"href":"https:\/\/jaeggi-co.association-st-camille.ch\/fr\/wp-json\/wp\/v2\/comments?post=165"}],"wp:featuredmedia":[{"embeddable":true,"href":"https:\/\/jaeggi-co.association-st-camille.ch\/fr\/wp-json\/wp\/v2\/media\/241"}],"wp:attachment":[{"href":"https:\/\/jaeggi-co.association-st-camille.ch\/fr\/wp-json\/wp\/v2\/media?parent=165"}],"wp:term":[{"taxonomy":"product_cat","embeddable":true,"href":"https:\/\/jaeggi-co.association-st-camille.ch\/fr\/wp-json\/wp\/v2\/product_cat?post=165"},{"taxonomy":"product_tag","embeddable":true,"href":"https:\/\/jaeggi-co.association-st-camille.ch\/fr\/wp-json\/wp\/v2\/product_tag?post=165"}],"curies":[{"name":"wp","href":"https:\/\/api.w.org\/{rel}","templated":true}]}}