{"id":164,"date":"2023-11-15T15:59:15","date_gmt":"2023-11-15T14:59:15","guid":{"rendered":"https:\/\/jaeggi-co.association-st-camille.ch\/produit\/buerk-k-675\/"},"modified":"2023-11-15T15:59:15","modified_gmt":"2023-11-15T14:59:15","slug":"buerk-k-675","status":"publish","type":"product","link":"https:\/\/jaeggi-co.association-st-camille.ch\/fr\/produit\/buerk-k-675\/","title":{"rendered":"B\u00dcRK K-675"},"content":{"rendered":"<p><strong>Programmes horaires s\u00e9lectionnables:<\/strong><\/p>\n<ul>\n<li>Horaires variables avec jusqu&rsquo;\u00e0 2 pauses programmables \u00e0 volont\u00e9 et d\u00e9duites automatiquement.<\/li>\n<li>Temps fixe ou temps partiel avec jusqu&rsquo;\u00e0 2 pauses \u00e0 d\u00e9finir librement et d\u00e9duites automatiquement. Enregistrement du temps de travail sur des fiches de pointage cod\u00e9es en 6 colonnes et 32 lignes, avec total journalier et total cumul\u00e9. <\/li>\n<li>ou h et 1\/100 h Impression en rouge des pointages effectu\u00e9s en dehors des horaires de travail ou des horaires variables d\u00e9finis. <\/li>\n<li>\u00c9cran \u00e9clair\u00e9 avec affichage de l&rsquo;heure, de la date, du jour de la semaine et de la colonne d&rsquo;impression.<\/li>\n<li>Chargeur de cartes avec d\u00e9tection de page.<\/li>\n<li>Changement d&rsquo;heure \u00e9t\u00e9\/hiver enti\u00e8rement automatique.<\/li>\n<li>Pr\u00eat \u00e0 l&#8217;emploi d\u00e8s le raccordement au r\u00e9seau.<\/li>\n<\/ul>\n<p><strong>Fonctions et programmation<\/strong><\/p>\n<ul>\n<li>Capture jusqu&rsquo;\u00e0 100 personnes.<\/li>\n<li>Programme horaire au choix pour les horaires fixes, les horaires variables, les horaires partiels.<\/li>\n<li>Enregistrement du temps en heures et en minutes<\/li>\n<li>Restitution de la carte sans enregistrement du temps en cas d&rsquo;introduction invers\u00e9e avec signal sonore simultan\u00e9.<\/li>\n<li>Pression rouge en cas de violation du temps central. Mise \u00e0 jour de la date \u00e0 n&rsquo;importe quel moment, par ex. en cas de travail en \u00e9quipe \u00e0 06:00 (r\u00e9gl\u00e9 en usine sur 0:00).<\/li>\n<li>Commutation automatique heure d&rsquo;\u00e9t\u00e9\/heure d&rsquo;hiver (CEST\/CME).<\/li>\n<li>Max. 2 pauses, de 1 \u00e0 90 min chacune r\u00e9glable. Les pauses sont automatiquement d\u00e9duites.<\/li>\n<li>Possibilit\u00e9 d&rsquo;arrondir au choix pour le temps de travail journalier ou par enregistrement.<\/li>\n<li>Horaires de travail avec r\u00e9p\u00e9tition quotidienne simultan\u00e9e.<\/li>\n<li>P\u00e9riodes de paie, au choix<br \/>\n&#8211; mensuelle (r\u00e9glage d&rsquo;usine)<br \/>\n&#8211; hebdomadaire<br \/>\n&#8211; 2 fois par semaine.<\/li>\n<li>Affichage de l&rsquo;heure en syst\u00e8me 12 ou 24 heures au choix.<\/li>\n<li>\u00c9cran et panneau de commande \u00e9clair\u00e9s.<\/li>\n<li>La colonne d&rsquo;impression peut \u00e9galement \u00eatre s\u00e9lectionn\u00e9e manuellement directement \u00e0 l&rsquo;aide de 4 boutons.<\/li>\n<li>Affichage \u00e0 l&rsquo;\u00e9cran :<br \/>\n&#8211; Jour de la semaine lun-dim<br \/>\n&#8211; Jour du mois 1-31<br \/>\n&#8211; Heure et dim\/sem<\/li>\n<li>Dispositif de signalisation librement programmable, dur\u00e9e du signal r\u00e9glable de 1 \u00e0 30 sec.<br \/>\n1 contact de relais libre de potentiel et\/ou le retentissement d&rsquo;une m\u00e9lodie interne.<\/li>\n<\/ul>\n","protected":false},"excerpt":{"rendered":"<p id=\"product_reference\"><label>N\u00b0 d&rsquo;article.:<\/label> <span class=\"editable\">K675<\/span><\/p>\n<p id=\"product_condition\"><label>\u00c9tat:<\/label> <span class=\"editable\">Nouvel article<\/span><\/p>\n<div id=\"short_description_block\">\n<div id=\"short_description_content\" class=\"rte align_justify\">\n<h1 class=\"shop-hl\"><\/h1>\n<ul>\n<li><strong>Id\u00e9al pour les horaires variables, fixes ou \u00e0 temps partiel<\/strong><\/li>\n<li><strong>avec d\u00e9compte de salaire simplifi\u00e9 pour jusqu&rsquo;\u00e0 100 personnes<\/strong><\/li>\n<\/ul>\n<\/div>\n<\/div>\n","protected":false},"featured_media":130,"comment_status":"open","ping_status":"closed","template":"","meta":{"_et_pb_use_builder":"","_et_pb_old_content":"","_et_gb_content_width":""},"product_cat":[46,39],"product_tag":[],"class_list":{"0":"post-164","1":"product","2":"type-product","3":"status-publish","4":"has-post-thumbnail","6":"product_cat-en-calculant","7":"product_cat-horloges-a-timbre","9":"first","10":"instock","11":"shipping-taxable","12":"purchasable","13":"product-type-simple"},"_links":{"self":[{"href":"https:\/\/jaeggi-co.association-st-camille.ch\/fr\/wp-json\/wp\/v2\/product\/164","targetHints":{"allow":["GET"]}}],"collection":[{"href":"https:\/\/jaeggi-co.association-st-camille.ch\/fr\/wp-json\/wp\/v2\/product"}],"about":[{"href":"https:\/\/jaeggi-co.association-st-camille.ch\/fr\/wp-json\/wp\/v2\/types\/product"}],"replies":[{"embeddable":true,"href":"https:\/\/jaeggi-co.association-st-camille.ch\/fr\/wp-json\/wp\/v2\/comments?post=164"}],"wp:featuredmedia":[{"embeddable":true,"href":"https:\/\/jaeggi-co.association-st-camille.ch\/fr\/wp-json\/wp\/v2\/media\/130"}],"wp:attachment":[{"href":"https:\/\/jaeggi-co.association-st-camille.ch\/fr\/wp-json\/wp\/v2\/media?parent=164"}],"wp:term":[{"taxonomy":"product_cat","embeddable":true,"href":"https:\/\/jaeggi-co.association-st-camille.ch\/fr\/wp-json\/wp\/v2\/product_cat?post=164"},{"taxonomy":"product_tag","embeddable":true,"href":"https:\/\/jaeggi-co.association-st-camille.ch\/fr\/wp-json\/wp\/v2\/product_tag?post=164"}],"curies":[{"name":"wp","href":"https:\/\/api.w.org\/{rel}","templated":true}]}}