{"id":163,"date":"2023-11-15T16:23:09","date_gmt":"2023-11-15T15:23:09","guid":{"rendered":"https:\/\/jaeggi-co.association-st-camille.ch\/produit\/nous-avons-en-stock-des-systemes-pc-kelio-de-bodet-prix-sur-demande\/"},"modified":"2023-11-15T16:23:09","modified_gmt":"2023-11-15T15:23:09","slug":"nous-conduisons-kelio-systemes-pc-de-bodet-prix-sur-demande","status":"publish","type":"product","link":"https:\/\/jaeggi-co.association-st-camille.ch\/fr\/produit\/nous-conduisons-kelio-systemes-pc-de-bodet-prix-sur-demande\/","title":{"rendered":"Nous avons en stock des syst\u00e8mes PC KELIO de Bodet. &#8211; Prix sur demande"},"content":{"rendered":"<p>Si vous \u00eates int\u00e9ress\u00e9(e), contactez-nous.<br \/>\nNous nous ferons un plaisir de vous conseiller.<br \/>\nComptez sur nous !<\/p>\n","protected":false},"excerpt":{"rendered":"<p><label>\u00c9tat:<\/label> <span class=\"editable\">Nouvel article<\/span><\/p>\n","protected":false},"featured_media":0,"comment_status":"open","ping_status":"closed","template":"","meta":{"_et_pb_use_builder":"","_et_pb_old_content":"","_et_gb_content_width":""},"product_cat":[39,45],"product_tag":[],"class_list":{"0":"post-163","1":"product","2":"type-product","3":"status-publish","5":"product_cat-horloges-a-timbre","6":"product_cat-pc-systeme-fr-2","8":"first","9":"instock","10":"shipping-taxable","11":"purchasable","12":"product-type-simple"},"_links":{"self":[{"href":"https:\/\/jaeggi-co.association-st-camille.ch\/fr\/wp-json\/wp\/v2\/product\/163","targetHints":{"allow":["GET"]}}],"collection":[{"href":"https:\/\/jaeggi-co.association-st-camille.ch\/fr\/wp-json\/wp\/v2\/product"}],"about":[{"href":"https:\/\/jaeggi-co.association-st-camille.ch\/fr\/wp-json\/wp\/v2\/types\/product"}],"replies":[{"embeddable":true,"href":"https:\/\/jaeggi-co.association-st-camille.ch\/fr\/wp-json\/wp\/v2\/comments?post=163"}],"wp:attachment":[{"href":"https:\/\/jaeggi-co.association-st-camille.ch\/fr\/wp-json\/wp\/v2\/media?parent=163"}],"wp:term":[{"taxonomy":"product_cat","embeddable":true,"href":"https:\/\/jaeggi-co.association-st-camille.ch\/fr\/wp-json\/wp\/v2\/product_cat?post=163"},{"taxonomy":"product_tag","embeddable":true,"href":"https:\/\/jaeggi-co.association-st-camille.ch\/fr\/wp-json\/wp\/v2\/product_tag?post=163"}],"curies":[{"name":"wp","href":"https:\/\/api.w.org\/{rel}","templated":true}]}}