{"id":161,"date":"2023-11-15T16:26:44","date_gmt":"2023-11-15T15:26:44","guid":{"rendered":"https:\/\/jaeggi-co.association-st-camille.ch\/produit\/cartes-de-pointage\/"},"modified":"2023-11-15T16:26:44","modified_gmt":"2023-11-15T15:26:44","slug":"cartes-a-tamponner","status":"publish","type":"product","link":"https:\/\/jaeggi-co.association-st-camille.ch\/fr\/produit\/cartes-a-tamponner\/","title":{"rendered":"Cartes de pointage"},"content":{"rendered":"<p><strong>Exemples de cartes de pointage :<\/strong><\/p>\n<ul>\n<li>AM 7000: AMANO MJR 8000\/8500<\/li>\n<li>QR 375\/3995: SEIKO QR-375\/395<\/li>\n<li>QR 475: SEIKO QR-475<\/li>\n<li>et bien d&rsquo;autres<\/li>\n<\/ul>\n<p><strong>Exemples de cartes de pr\u00e9sence :<\/strong><\/p>\n<ul>\n<li>Nr. 225, 270\/ I\/ II: ZD JUNDES, AMANO PIX, VARIODAT, SEIKO TP<\/li>\n<li>Nr. 451, 453, 470, 480: ZD JUNDES, AMANO PIX, VARIODAT, SEIKO TP<\/li>\n<li>Nr. 780 (Varianten): ZD JUNDES, AMANO PIX, VARIODAT, SEIKO TP<\/li>\n<li>et autres<\/li>\n<\/ul>\n<p><strong>Exemples de cartes de mission :<\/strong><\/p>\n<ul>\n<li>Nr. A32: ZD JUNDES, AMANO PIX, VARIODAT, SEIKO TP<\/li>\n<li>Nr. 411, 421, 431: ZD JUNDES, AMANO PIX, VARIODAT, SEIKO TP<\/li>\n<li>Variodat 1320: VARIODAT<\/li>\n<li>et autres<\/li>\n<\/ul>\n","protected":false},"excerpt":{"rendered":"<p id=\"product_condition\"><label>\u00c9tat:<\/label> <span class=\"editable\">Nouvel article<\/span><\/p>\n<div id=\"short_description_block\">\n<div id=\"short_description_content\" class=\"rte align_justify\">\n<p><strong>Vous trouverez chez nous diff\u00e9rentes cartes de pointage, de pr\u00e9sence et de commande pour toutes les badgeuses que nous vendons, \u00e0 des prix raisonnables. <\/strong><br \/>\n<strong>Demandez la carte de pointage que vous utilisez.<\/strong><\/p>\n<\/div>\n<\/div>\n","protected":false},"featured_media":0,"comment_status":"open","ping_status":"closed","template":"","meta":{"_et_pb_use_builder":"","_et_pb_old_content":"","_et_gb_content_width":""},"product_cat":[43],"product_tag":[],"class_list":{"0":"post-161","1":"product","2":"type-product","3":"status-publish","5":"product_cat-cartes-de-pointage","7":"first","8":"instock","9":"shipping-taxable","10":"purchasable","11":"product-type-simple"},"_links":{"self":[{"href":"https:\/\/jaeggi-co.association-st-camille.ch\/fr\/wp-json\/wp\/v2\/product\/161","targetHints":{"allow":["GET"]}}],"collection":[{"href":"https:\/\/jaeggi-co.association-st-camille.ch\/fr\/wp-json\/wp\/v2\/product"}],"about":[{"href":"https:\/\/jaeggi-co.association-st-camille.ch\/fr\/wp-json\/wp\/v2\/types\/product"}],"replies":[{"embeddable":true,"href":"https:\/\/jaeggi-co.association-st-camille.ch\/fr\/wp-json\/wp\/v2\/comments?post=161"}],"wp:attachment":[{"href":"https:\/\/jaeggi-co.association-st-camille.ch\/fr\/wp-json\/wp\/v2\/media?parent=161"}],"wp:term":[{"taxonomy":"product_cat","embeddable":true,"href":"https:\/\/jaeggi-co.association-st-camille.ch\/fr\/wp-json\/wp\/v2\/product_cat?post=161"},{"taxonomy":"product_tag","embeddable":true,"href":"https:\/\/jaeggi-co.association-st-camille.ch\/fr\/wp-json\/wp\/v2\/product_tag?post=161"}],"curies":[{"name":"wp","href":"https:\/\/api.w.org\/{rel}","templated":true}]}}