{"id":160,"date":"2023-11-15T16:29:55","date_gmt":"2023-11-15T15:29:55","guid":{"rendered":"https:\/\/jaeggi-co.association-st-camille.ch\/produit\/bodet-time-box\/"},"modified":"2023-11-15T16:29:55","modified_gmt":"2023-11-15T15:29:55","slug":"bodet-time-box","status":"publish","type":"product","link":"https:\/\/jaeggi-co.association-st-camille.ch\/fr\/produit\/bodet-time-box\/","title":{"rendered":"BODET Time Box"},"content":{"rendered":"<p><strong>Terminal sans contact Time Box X4<\/strong><\/p>\n<ul>\n<li>R\u00e9servations par badge ou carte d&rsquo;identit\u00e9<\/li>\n<li>Formation rapide des utilisateurs<\/li>\n<li>Calcul du temps de travail effectif et des heures suppl\u00e9mentaires<\/li>\n<li>Saisie des jours f\u00e9ri\u00e9s et des pauses<\/li>\n<li>Aper\u00e7u des \u00e9carts et des \u00e9critures manquantes<\/li>\n<li>Acc\u00e8s aux r\u00e9servations individuelles ou de groupe<\/li>\n<li>Transfert de donn\u00e9es tr\u00e8s simple via une cl\u00e9 USB ou une connexion r\u00e9seau<\/li>\n<li>Impression des \u00e9critures et des totaux et exportation vers Excel<\/li>\n<\/ul>\n","protected":false},"excerpt":{"rendered":"<p id=\"product_condition\"><label>\u00c9tat:<\/label> <span class=\"editable\">Nouvel article<\/span><\/p>\n<div id=\"short_description_block\">\n<div id=\"short_description_content\" class=\"rte align_justify\">\n<ul>\n<li><strong>Time Box<\/strong><\/li>\n<li><strong>Terminal tactile comme solution compl\u00e8te pour vos besoins<\/strong><\/li>\n<li><strong>R\u00e9servations par carte d&rsquo;identit\u00e9, ou badge<\/strong><\/li>\n<\/ul>\n<p>&nbsp;<\/p>\n<ul>\n<li><strong><a href=\"https:\/\/youtu.be\/8ogRRL-ErRA\">https:\/\/youtu.be\/8ogRRL-ErRA<\/a><\/strong><\/li>\n<\/ul>\n<p>&nbsp;<\/p>\n<\/div>\n<\/div>\n<div id=\"oosHook\"><\/div>\n<div id=\"product_comments_block_extra\" class=\"no-print\"><\/div>\n","protected":false},"featured_media":231,"comment_status":"open","ping_status":"closed","template":"","meta":{"_et_pb_use_builder":"","_et_pb_old_content":"","_et_gb_content_width":""},"product_cat":[42],"product_tag":[],"class_list":{"0":"post-160","1":"product","2":"type-product","3":"status-publish","4":"has-post-thumbnail","6":"product_cat-pc-systeme-fr","8":"first","9":"instock","10":"shipping-taxable","11":"purchasable","12":"product-type-simple"},"_links":{"self":[{"href":"https:\/\/jaeggi-co.association-st-camille.ch\/fr\/wp-json\/wp\/v2\/product\/160","targetHints":{"allow":["GET"]}}],"collection":[{"href":"https:\/\/jaeggi-co.association-st-camille.ch\/fr\/wp-json\/wp\/v2\/product"}],"about":[{"href":"https:\/\/jaeggi-co.association-st-camille.ch\/fr\/wp-json\/wp\/v2\/types\/product"}],"replies":[{"embeddable":true,"href":"https:\/\/jaeggi-co.association-st-camille.ch\/fr\/wp-json\/wp\/v2\/comments?post=160"}],"wp:featuredmedia":[{"embeddable":true,"href":"https:\/\/jaeggi-co.association-st-camille.ch\/fr\/wp-json\/wp\/v2\/media\/231"}],"wp:attachment":[{"href":"https:\/\/jaeggi-co.association-st-camille.ch\/fr\/wp-json\/wp\/v2\/media?parent=160"}],"wp:term":[{"taxonomy":"product_cat","embeddable":true,"href":"https:\/\/jaeggi-co.association-st-camille.ch\/fr\/wp-json\/wp\/v2\/product_cat?post=160"},{"taxonomy":"product_tag","embeddable":true,"href":"https:\/\/jaeggi-co.association-st-camille.ch\/fr\/wp-json\/wp\/v2\/product_tag?post=160"}],"curies":[{"name":"wp","href":"https:\/\/api.w.org\/{rel}","templated":true}]}}